{"id":16,"date":"2014-11-17T19:20:14","date_gmt":"2014-11-17T19:20:14","guid":{"rendered":"http:\/\/rotwild-welscher.de\/?page_id=16"},"modified":"2014-12-12T20:36:17","modified_gmt":"2014-12-12T20:36:17","slug":"ueber-uns","status":"publish","type":"page","link":"https:\/\/rotwild-welscher.de\/?page_id=16","title":{"rendered":"\u00dcber uns"},"content":{"rendered":"<address>\u00a0<\/address>\n<address>Nur zwei Kilometer von der Stadt Kronach entfernt, aber in absoluter Idylle gelegen befindet sich unser nachhaltig bewirtschafteter Hof und daran angeschlossen unser Gehege, in dem wir seit August 2003 Rotwild halten.<\/address>\n<address>\u00a0<\/address>\n<address>Viel Platz, immer genug Gr\u00fcnfutter, ein kleines W\u00e4ldchen und nat\u00fcrlich eine Suhle in der sich jedes unserer Tiere ausgiebig suhlen kann.<\/address>\n<address>\u00a0<\/address>\n<address>Es gibt weder Antibiotika, noch zugekauftes Kraftfutter oder auch Pflanzenschutzmittel jedweger Art kommen f\u00fcr uns nicht in Frage. Im Sommer die Weide, im Winter Grassilage und Heu von eigenen Fl\u00e4chen und als Leckerbissen ab und an \u00c4ste und Gipfel von B\u00e4umen &#8211; denn auch in der freien Wildbahn sch\u00e4lt das Rotwild oft die Rinde von B\u00e4umen und Str\u00e4uchern und frisst deren Bl\u00e4tter. <\/address>\n<address>\u00a0<\/address>\n<address>Unsere Tiere haben somit ein stressfreies und sehr naturnahes Leben, was uns sehr am Herzen liegt, denn nur ein wirklich gesundes Tier, dass auch absolut artgerecht aufgewachsen ist, ist dazu im Stande die von uns angestrebte Fleischqualit\u00e4t zu liefern.<\/address>\n<address>\u00a0<\/address>\n<address>Sie sind jederzeit gerne dazu eingeladen, sich selbst davon zu \u00fcberzeugen.<\/address>\n<p>&nbsp;<\/p>\n<p>&nbsp;<\/p>\n<p>&nbsp;<\/p>\n","protected":false},"excerpt":{"rendered":"<p>\u00a0 Nur zwei Kilometer von der Stadt Kronach entfernt, aber in absoluter Idylle gelegen befindet sich unser nachhaltig bewirtschafteter Hof und daran angeschlossen unser Gehege, in dem wir seit August 2003 Rotwild halten. \u00a0 Viel<\/p>\n","protected":false},"author":1,"featured_media":0,"parent":0,"menu_order":1,"comment_status":"closed","ping_status":"open","template":"template-fullwidth.php","meta":[],"_links":{"self":[{"href":"https:\/\/rotwild-welscher.de\/index.php?rest_route=\/wp\/v2\/pages\/16"}],"collection":[{"href":"https:\/\/rotwild-welscher.de\/index.php?rest_route=\/wp\/v2\/pages"}],"about":[{"href":"https:\/\/rotwild-welscher.de\/index.php?rest_route=\/wp\/v2\/types\/page"}],"author":[{"embeddable":true,"href":"https:\/\/rotwild-welscher.de\/index.php?rest_route=\/wp\/v2\/users\/1"}],"replies":[{"embeddable":true,"href":"https:\/\/rotwild-welscher.de\/index.php?rest_route=%2Fwp%2Fv2%2Fcomments&post=16"}],"version-history":[{"count":16,"href":"https:\/\/rotwild-welscher.de\/index.php?rest_route=\/wp\/v2\/pages\/16\/revisions"}],"predecessor-version":[{"id":178,"href":"https:\/\/rotwild-welscher.de\/index.php?rest_route=\/wp\/v2\/pages\/16\/revisions\/178"}],"wp:attachment":[{"href":"https:\/\/rotwild-welscher.de\/index.php?rest_route=%2Fwp%2Fv2%2Fmedia&parent=16"}],"curies":[{"name":"wp","href":"https:\/\/api.w.org\/{rel}","templated":true}]}}